{"id":39,"date":"2021-10-13T22:35:52","date_gmt":"2021-10-13T20:35:52","guid":{"rendered":"http:\/\/www.gomservices.com\/?page_id=39"},"modified":"2021-11-25T14:40:37","modified_gmt":"2021-11-25T13:40:37","slug":"bienvenue-chez-gom-services","status":"publish","type":"page","link":"http:\/\/www.gomservices.com\/","title":{"rendered":"GOM Services"},"content":{"rendered":"\n<p>Depuis pr\u00e8s de 20 ans, GOM Services accompagne les industriels qui veulent produire des pi\u00e8ces sp\u00e9cifiques. Nos experts leur proposent, dans le secteur de la m\u00e9canique, les machines outils les mieux adapt\u00e9es \u00e0 leurs besoins, ou bien,  dans le domaine du plastique par injection, les presses d\u2019essai de moules et de matrices. <\/p>\n\n\n\n<p>GOM Services est \u00e0 ce titre le partenaire fran\u00e7ais exclusif de Millutensil, le leader mondial de la production de ces presses.  <\/p>\n\n\n\n<p>La longue exp\u00e9riences des collaborateurs de GOM Services dans ces domaines est le gage de qualit\u00e9 que nos clients recherchent, et leur objectif est de vous apporter la plus grande satisfaction dans l&#8217;am\u00e9lioration de vos moyens de production.   <\/p>\n","protected":false},"excerpt":{"rendered":"<p>Depuis pr\u00e8s de 20 ans, GOM Services accompagne les industriels qui veulent produire des pi\u00e8ces sp\u00e9cifiques. Nos experts leur proposent, dans le secteur de la m\u00e9canique, les machines outils les mieux adapt\u00e9es \u00e0 leurs besoins, ou bien, dans le domaine du plastique par injection, les presses d\u2019essai de moules et de matrices. GOM Services est [&hellip;]<\/p>\n","protected":false},"author":1,"featured_media":0,"parent":0,"menu_order":0,"comment_status":"closed","ping_status":"closed","template":"","meta":[],"_links":{"self":[{"href":"http:\/\/www.gomservices.com\/index.php?rest_route=\/wp\/v2\/pages\/39"}],"collection":[{"href":"http:\/\/www.gomservices.com\/index.php?rest_route=\/wp\/v2\/pages"}],"about":[{"href":"http:\/\/www.gomservices.com\/index.php?rest_route=\/wp\/v2\/types\/page"}],"author":[{"embeddable":true,"href":"http:\/\/www.gomservices.com\/index.php?rest_route=\/wp\/v2\/users\/1"}],"replies":[{"embeddable":true,"href":"http:\/\/www.gomservices.com\/index.php?rest_route=%2Fwp%2Fv2%2Fcomments&post=39"}],"version-history":[{"count":3,"href":"http:\/\/www.gomservices.com\/index.php?rest_route=\/wp\/v2\/pages\/39\/revisions"}],"predecessor-version":[{"id":51,"href":"http:\/\/www.gomservices.com\/index.php?rest_route=\/wp\/v2\/pages\/39\/revisions\/51"}],"wp:attachment":[{"href":"http:\/\/www.gomservices.com\/index.php?rest_route=%2Fwp%2Fv2%2Fmedia&parent=39"}],"curies":[{"name":"wp","href":"https:\/\/api.w.org\/{rel}","templated":true}]}}