{"id":8,"date":"2021-10-13T21:57:32","date_gmt":"2021-10-13T19:57:32","guid":{"rendered":"http:\/\/www.gomservices.com\/?page_id=8"},"modified":"2021-10-13T22:54:00","modified_gmt":"2021-10-13T20:54:00","slug":"contact","status":"publish","type":"page","link":"http:\/\/www.gomservices.com\/?page_id=8","title":{"rendered":"Contact"},"content":{"rendered":"\n<p>Pour nous contacter, le plus simple: +33 6 85 20 70 00.<br>Le plus s\u00fbr: j.pelissier.gom (@) gmail.com<br>Nous serons ravis d&#8217;\u00e9tudier avec vous les solutions les plus adapt\u00e9es \u00e0 vos besoins.<\/p>\n","protected":false},"excerpt":{"rendered":"<p>Pour nous contacter, le plus simple: +33 6 85 20 70 00.Le plus s\u00fbr: j.pelissier.gom (@) gmail.comNous serons ravis d&#8217;\u00e9tudier avec vous les solutions les plus adapt\u00e9es \u00e0 vos besoins.<\/p>\n","protected":false},"author":1,"featured_media":0,"parent":0,"menu_order":0,"comment_status":"closed","ping_status":"closed","template":"","meta":[],"_links":{"self":[{"href":"http:\/\/www.gomservices.com\/index.php?rest_route=\/wp\/v2\/pages\/8"}],"collection":[{"href":"http:\/\/www.gomservices.com\/index.php?rest_route=\/wp\/v2\/pages"}],"about":[{"href":"http:\/\/www.gomservices.com\/index.php?rest_route=\/wp\/v2\/types\/page"}],"author":[{"embeddable":true,"href":"http:\/\/www.gomservices.com\/index.php?rest_route=\/wp\/v2\/users\/1"}],"replies":[{"embeddable":true,"href":"http:\/\/www.gomservices.com\/index.php?rest_route=%2Fwp%2Fv2%2Fcomments&post=8"}],"version-history":[{"count":5,"href":"http:\/\/www.gomservices.com\/index.php?rest_route=\/wp\/v2\/pages\/8\/revisions"}],"predecessor-version":[{"id":48,"href":"http:\/\/www.gomservices.com\/index.php?rest_route=\/wp\/v2\/pages\/8\/revisions\/48"}],"wp:attachment":[{"href":"http:\/\/www.gomservices.com\/index.php?rest_route=%2Fwp%2Fv2%2Fmedia&parent=8"}],"curies":[{"name":"wp","href":"https:\/\/api.w.org\/{rel}","templated":true}]}}